{"id":11667,"date":"2017-02-09T15:36:32","date_gmt":"2017-02-09T15:36:32","guid":{"rendered":"http:\/\/mlancha.pt\/?page_id=11667"},"modified":"2021-11-17T12:02:18","modified_gmt":"2021-11-17T12:02:18","slug":"trabalhos","status":"publish","type":"page","link":"https:\/\/mlancha.pt\/index.php\/trabalhos\/","title":{"rendered":"Trabalhos"},"content":{"rendered":"<p>[vc_row bg_check=&#8221;row-background-dark&#8221; dfd_bg_style=&#8221;image&#8221; dfd_bg_image_new=&#8221;11704&#8243; dfd_bg_image_repeat=&#8221;no-repeat&#8221;][vc_column dfd_column_responsive_enable=&#8221;dfd-column-responsive-enable&#8221; col_shadow=&#8221;box_shadow_enable:disable|shadow_horizontal:0|shadow_vertical:15|shadow_blur:50|shadow_spread:0|box_shadow_color:rgba(0%2C0%2C0%2C0.35)&#8221; col_shadow_hover=&#8221;box_shadow_enable:disable|shadow_horizontal:0|shadow_vertical:15|shadow_blur:50|shadow_spread:0|box_shadow_color:rgba(0%2C0%2C0%2C0.35)&#8221; responsive_styles=&#8221;padding_left_mobile:20|padding_right_mobile:20&#8243;][dfd_spacer screen_wide_spacer_size=&#8221;230&#8243; screen_normal_resolution=&#8221;1280&#8243; screen_tablet_resolution=&#8221;1024&#8243; screen_mobile_resolution=&#8221;800&#8243; screen_normal_spacer_size=&#8221;140&#8243; screen_tablet_spacer_size=&#8221;100&#8243; screen_mobile_spacer_size=&#8221;80&#8243;][dfd_heading subtitle=&#8221;&#8221; module_animation=&#8221;transition.expandIn&#8221; enable_delimiter=&#8221;&#8221; undefined=&#8221;&#8221; title_font_options=&#8221;tag:h1&#8243; subtitle_font_options=&#8221;tag:div&#8221; title_responsive=&#8221;font_size_desktop:75|line_height_desktop:75|font_size_tablet:60|line_height_tablet:60|font_size_mobile:50|line_height_mobile:50&#8243;]Descubra os nossos trabalhos[\/dfd_heading][dfd_heading subtitle=&#8221;&#8221; module_animation=&#8221;transition.expandIn&#8221; enable_delimiter=&#8221;&#8221; undefined=&#8221;&#8221; title_font_options=&#8221;tag:div|font_size:19|line_height:26|letter_spacing:0&#8243; title_google_fonts=&#8221;yes&#8221; title_custom_fonts=&#8221;font_family:Open%20Sans%3A300%2C300italic%2Cregular%2Citalic%2C600%2C600italic%2C700%2C700italic%2C800%2C800italic|font_style:300%20light%20regular%3A300%3Anormal&#8221; subtitle_font_options=&#8221;tag:div&#8221; title_responsive=&#8221;font_size_mobile:16|line_height_mobile:24&#8243;]Explore e selecione o tipo de trabalho que j\u00e1 desenvolvemos.[\/dfd_heading][dfd_spacer screen_wide_spacer_size=&#8221;30&#8243; screen_normal_resolution=&#8221;1280&#8243; screen_tablet_resolution=&#8221;1024&#8243; screen_mobile_resolution=&#8221;800&#8243; screen_mobile_spacer_size=&#8221;30&#8243;][dfd_button button_text=&#8221;Ver Galeria&#8221; module_animation=&#8221;transition.slideDownBigIn&#8221; border=&#8221;border_style:solid|border_width:2|border_radius:4|border_color:%23db3333&#8243; hover_border=&#8221;border_style:solid|border_width:2|border_radius:4|border_color:%23c42d2d&#8221; main_style=&#8221;style-2&#8243; undefined=&#8221;&#8221; padding_left=&#8221;30&#8243; padding_right=&#8221;30&#8243; background=&#8221;rgba(255,255,255,0.01)&#8221; box_shadow=&#8221;box_shadow_enable:disable|shadow_horizontal:0|shadow_vertical:15|shadow_blur:50|shadow_spread:0|box_shadow_color:rgba(0%2C0%2C0%2C0.35)&#8221; hover_box_shadow=&#8221;box_shadow_enable:disable|shadow_horizontal:0|shadow_vertical:15|shadow_blur:50|shadow_spread:0|box_shadow_color:rgba(0%2C0%2C0%2C0.35)&#8221; title_font_options=&#8221;line_height:42&#8243; hover_background=&#8221;#c42d2d&#8221; buttom_link_src=&#8221;url:http%3A%2F%2Fmlancha.pt%2Findex.php%2Ftrabalhos%2F%23galeria&#8221;][dfd_spacer screen_wide_spacer_size=&#8221;330&#8243; screen_normal_resolution=&#8221;1280&#8243; screen_tablet_resolution=&#8221;1024&#8243; screen_mobile_resolution=&#8221;800&#8243; screen_normal_spacer_size=&#8221;250&#8243; screen_tablet_spacer_size=&#8221;160&#8243; screen_mobile_spacer_size=&#8221;120&#8243;][\/vc_column][\/vc_row][vc_row][vc_column width=&#8221;1\/6&#8243; el_class=&#8221;dfd_col-tablet-12&#8243; offset=&#8221;vc_col-lg-2 vc_col-md-2 vc_col-xs-12&#8243; col_shadow=&#8221;box_shadow_enable:disable|shadow_horizontal:0|shadow_vertical:15|shadow_blur:50|shadow_spread:0|box_shadow_color:rgba(0%2C0%2C0%2C0.35)&#8221; col_shadow_hover=&#8221;box_shadow_enable:disable|shadow_horizontal:0|shadow_vertical:15|shadow_blur:50|shadow_spread:0|box_shadow_color:rgba(0%2C0%2C0%2C0.35)&#8221;][\/vc_column][vc_column width=&#8221;2\/3&#8243; dfd_column_responsive_enable=&#8221;dfd-column-responsive-enable&#8221; el_class=&#8221;dfd_col-tablet-12&#8243; offset=&#8221;vc_col-lg-8 vc_col-md-8 vc_col-xs-12&#8243; col_shadow=&#8221;box_shadow_enable:disable|shadow_horizontal:0|shadow_vertical:15|shadow_blur:50|shadow_spread:0|box_shadow_color:rgba(0%2C0%2C0%2C0.35)&#8221; col_shadow_hover=&#8221;box_shadow_enable:disable|shadow_horizontal:0|shadow_vertical:15|shadow_blur:50|shadow_spread:0|box_shadow_color:rgba(0%2C0%2C0%2C0.35)&#8221; responsive_styles=&#8221;padding_left_tablet:20|padding_right_tablet:20|padding_left_mobile:20|padding_right_mobile:20&#8243;][dfd_spacer screen_wide_spacer_size=&#8221;120&#8243; screen_normal_resolution=&#8221;1280&#8243; screen_tablet_resolution=&#8221;1024&#8243; screen_mobile_resolution=&#8221;800&#8243; screen_normal_spacer_size=&#8221;100&#8243; screen_tablet_spacer_size=&#8221;80&#8243; screen_mobile_spacer_size=&#8221;70&#8243;][dfd_heading subtitle=&#8221;Veja a galeria e comprove a qualidade dos nossos servi\u00e7os. Estruturas, fachadas, veda\u00e7\u00f5es, port\u00f5es entre outros tipos. Fale connosco mais mais informa\u00e7\u00f5es e detalhes.&#8221; module_animation=&#8221;transition.expandIn&#8221; enable_delimiter=&#8221;&#8221; undefined=&#8221;&#8221; title_font_options=&#8221;tag:h3&#8243; subtitle_font_options=&#8221;tag:div|line_height:28&#8243; heading_margin=&#8221;margin-bottom:10&#8243; title_responsive=&#8221;font_size_desktop:32|line_height_desktop:36|font_size_tablet:30|line_height_tablet:32|font_size_mobile:24|line_height_mobile:28&#8243; subtitle_responsive=&#8221;line_height_tablet:26|font_size_mobile:13|line_height_mobile:22&#8243;]Os nossos trabalhos s\u00e3o feitos<br \/>\ncom a m\u00e1xima dedica\u00e7\u00e3o e empenho.[\/dfd_heading][dfd_spacer screen_wide_spacer_size=&#8221;50&#8243; screen_normal_resolution=&#8221;1280&#8243; screen_tablet_resolution=&#8221;1024&#8243; screen_mobile_resolution=&#8221;800&#8243; screen_normal_spacer_size=&#8221;40&#8243; screen_tablet_spacer_size=&#8221;30&#8243; screen_mobile_spacer_size=&#8221;20&#8243;][\/vc_column][vc_column width=&#8221;1\/6&#8243; el_class=&#8221;dfd_col-tablet-12&#8243; offset=&#8221;vc_col-lg-2 vc_col-md-2 vc_col-xs-12&#8243; col_shadow=&#8221;box_shadow_enable:disable|shadow_horizontal:0|shadow_vertical:15|shadow_blur:50|shadow_spread:0|box_shadow_color:rgba(0%2C0%2C0%2C0.35)&#8221; col_shadow_hover=&#8221;box_shadow_enable:disable|shadow_horizontal:0|shadow_vertical:15|shadow_blur:50|shadow_spread:0|box_shadow_color:rgba(0%2C0%2C0%2C0.35)&#8221;][\/vc_column][\/vc_row][vc_section][vc_row anchor=&#8221;galeria&#8221;][vc_column][dfd_gallery_module_shortcode posts_to_show=&#8221;50&#8243; items_offset=&#8221;20&#8243; columns=&#8221;4&#8243; gallery_hover_main_decoration=&#8221;none&#8221; gallery_style=&#8221;masonry&#8221;][dfd_spacer screen_wide_spacer_size=&#8221;80&#8243; screen_normal_resolution=&#8221;1024&#8243; screen_tablet_resolution=&#8221;800&#8243; screen_mobile_resolution=&#8221;480&#8243;][\/vc_column][\/vc_row][\/vc_section][vc_row anchor=&#8221;form&#8221; dfd_bg_style=&#8221;gradient&#8221; dfd_bg_grad=&#8221;gradient_style:left|gradient_css:background%3A%20url(data%3Aimage%2Fsvg%2Bxml%3Bbase64%2CPHN2ZyB4bWxucz0iaHR0cDovL3d3dy53My5vcmcvMjAwMC9zdmciPjxkZWZzPjxsaW5lYXJHcmFkaWVudCBpZD0iZ3JhZGllbnQiIHgxPSIwJSIgeTE9IjAlIiB4Mj0iMCUiIHkyPSIxMDAlIj48c3RvcCBvZmZzZXQ9IjAlIiBzdHlsZT0ic3RvcC1jb2xvcjojRkFGQUZBOyIgLz48c3RvcCBvZmZzZXQ9IjEwMCUiIHN0eWxlPSJzdG9wLWNvbG9yOiNGQUZBRkE7IiAvPjwvbGluZWFyR3JhZGllbnQ%2BPC9kZWZzPjxyZWN0IGZpbGw9InVybCgjZ3JhZGllbnQpIiBoZWlnaHQ9IjEwMCUiIHdpZHRoPSIxMDAlIiAvPjwvc3ZnPg%3D%3D)%3B%0Abackground%3A%20-webkit-gradient(linear%2C%20left%20top%2C%20left%20bottom%2C%20color-stop(0%25%2C%20%23FAFAFA)%2C%20color-stop(100%25%2C%20%23FAFAFA))%3B%0Abackground%3A%20-moz-linear-gradient(left%2C%23FAFAFA%200%25%2C%23FAFAFA%20100%25)%3B%0Abackground%3A%20-webkit-linear-gradient(left%2C%23FAFAFA%200%25%2C%23FAFAFA%20100%25)%3B%0Abackground%3A%20-o-linear-gradient(left%2C%23FAFAFA%200%25%2C%23FAFAFA%20100%25)%3B%0Abackground%3A%20-ms-linear-gradient(left%2C%23FAFAFA%200%25%2C%23FAFAFA%20100%25)%3B%0Abackground%3A%20linear-gradient(left%2C%23FAFAFA%200%25%2C%23FAFAFA%20100%25)%3B|gradient_value:0%25%20%23FAFAFA%2C100%25%20%23FAFAFA&#8221;][vc_column dfd_column_responsive_enable=&#8221;dfd-column-responsive-enable&#8221; offset=&#8221;vc_col-lg-12 vc_col-md-12 vc_col-xs-12&#8243; col_shadow=&#8221;box_shadow_enable:disable|shadow_horizontal:0|shadow_vertical:15|shadow_blur:50|shadow_spread:0|box_shadow_color:rgba(0%2C0%2C0%2C0.35)&#8221; col_shadow_hover=&#8221;box_shadow_enable:disable|shadow_horizontal:0|shadow_vertical:15|shadow_blur:50|shadow_spread:0|box_shadow_color:rgba(0%2C0%2C0%2C0.35)&#8221; responsive_styles=&#8221;padding_left_mobile:20|padding_right_mobile:20&#8243;][dfd_spacer screen_wide_spacer_size=&#8221;100&#8243; screen_normal_resolution=&#8221;1280&#8243; screen_tablet_resolution=&#8221;1024&#8243; screen_mobile_resolution=&#8221;800&#8243; screen_normal_spacer_size=&#8221;100&#8243; screen_tablet_spacer_size=&#8221;80&#8243; screen_mobile_spacer_size=&#8221;70&#8243;][dfd_heading subtitle=&#8221;Sinta-se \u00e0 vontade para nos fazer qualquer quest\u00e3o.&#8221; module_animation=&#8221;transition.expandIn&#8221; enable_delimiter=&#8221;&#8221; undefined=&#8221;&#8221; title_font_options=&#8221;tag:h3&#8243; subtitle_font_options=&#8221;tag:div|line_height:28&#8243; title_responsive=&#8221;font_size_desktop:32|line_height_desktop:36|font_size_tablet:30|line_height_tablet:32|font_size_mobile:24|line_height_mobile:28&#8243; subtitle_responsive=&#8221;line_height_tablet:26|font_size_mobile:13|line_height_mobile:22&#8243;]Entre em contacto[\/dfd_heading][dfd_spacer screen_wide_spacer_size=&#8221;40&#8243; screen_normal_resolution=&#8221;1024&#8243; screen_tablet_resolution=&#8221;800&#8243; screen_mobile_resolution=&#8221;480&#8243;][vc_row_inner][vc_column_inner width=&#8221;1\/4&#8243;][\/vc_column_inner][vc_column_inner width=&#8221;1\/2&#8243;][vc_raw_html]JTVCZmx1ZW50Zm9ybSUyMGlkJTNEJTIyMSUyMiU1RA==[\/vc_raw_html][dfd_spacer screen_wide_spacer_size=&#8221;60&#8243; screen_normal_resolution=&#8221;1024&#8243; screen_tablet_resolution=&#8221;800&#8243; screen_mobile_resolution=&#8221;480&#8243; tutorials=&#8221;&#8221;][\/vc_column_inner][vc_column_inner width=&#8221;1\/4&#8243;][\/vc_column_inner][\/vc_row_inner][dfd_spacer screen_wide_spacer_size=&#8221;120&#8243; screen_normal_resolution=&#8221;1024&#8243; screen_tablet_resolution=&#8221;800&#8243; screen_mobile_resolution=&#8221;480&#8243;][\/vc_column][\/vc_row]<\/p>\n","protected":false},"excerpt":{"rendered":"<p>[vc_row bg_check=&#8221;row-background-dark&#8221; dfd_bg_style=&#8221;image&#8221; dfd_bg_image_new=&#8221;11704&#8243; dfd_bg_image_repeat=&#8221;no-repeat&#8221;][vc_column dfd_column_responsive_enable=&#8221;dfd-column-responsive-enable&#8221; col_shadow=&#8221;box_shadow_enable:disable|shadow_horizontal:0|shadow_vertical:15|shadow_blur:50|shadow_spread:0|box_shadow_color:rgba(0%2C0%2C0%2C0.35)&#8221; col_shadow_hover=&#8221;box_shadow_enable:disable|shadow_horizontal:0|shadow_vertical:15|shadow_blur:50|shadow_spread:0|box_shadow_color:rgba(0%2C0%2C0%2C0.35)&#8221; responsive_styles=&#8221;padding_left_mobile:20|padding_right_mobile:20&#8243;][dfd_spacer screen_wide_spacer_size=&#8221;230&#8243; screen_normal_resolution=&#8221;1280&#8243; screen_tablet_resolution=&#8221;1024&#8243; screen_mobile_resolution=&#8221;800&#8243; screen_normal_spacer_size=&#8221;140&#8243; screen_tablet_spacer_size=&#8221;100&#8243; screen_mobile_spacer_size=&#8221;80&#8243;][dfd_heading subtitle=&#8221;&#8221; module_animation=&#8221;transition.expandIn&#8221; enable_delimiter=&#8221;&#8221; undefined=&#8221;&#8221; title_font_options=&#8221;tag:h1&#8243; subtitle_font_options=&#8221;tag:div&#8221; title_responsive=&#8221;font_size_desktop:75|line_height_desktop:75|font_size_tablet:60|line_height_tablet:60|font_size_mobile:50|line_height_mobile:50&#8243;]Descubra os nossos trabalhos[\/dfd_heading][dfd_heading subtitle=&#8221;&#8221; module_animation=&#8221;transition.expandIn&#8221; enable_delimiter=&#8221;&#8221; undefined=&#8221;&#8221;<\/p>\n","protected":false},"author":2,"featured_media":0,"parent":0,"menu_order":0,"comment_status":"closed","ping_status":"closed","template":"tmp-page.php","meta":[],"yst_prominent_words":[48],"_links":{"self":[{"href":"https:\/\/mlancha.pt\/index.php\/wp-json\/wp\/v2\/pages\/11667"}],"collection":[{"href":"https:\/\/mlancha.pt\/index.php\/wp-json\/wp\/v2\/pages"}],"about":[{"href":"https:\/\/mlancha.pt\/index.php\/wp-json\/wp\/v2\/types\/page"}],"author":[{"embeddable":true,"href":"https:\/\/mlancha.pt\/index.php\/wp-json\/wp\/v2\/users\/2"}],"replies":[{"embeddable":true,"href":"https:\/\/mlancha.pt\/index.php\/wp-json\/wp\/v2\/comments?post=11667"}],"version-history":[{"count":33,"href":"https:\/\/mlancha.pt\/index.php\/wp-json\/wp\/v2\/pages\/11667\/revisions"}],"predecessor-version":[{"id":12035,"href":"https:\/\/mlancha.pt\/index.php\/wp-json\/wp\/v2\/pages\/11667\/revisions\/12035"}],"wp:attachment":[{"href":"https:\/\/mlancha.pt\/index.php\/wp-json\/wp\/v2\/media?parent=11667"}],"wp:term":[{"taxonomy":"yst_prominent_words","embeddable":true,"href":"https:\/\/mlancha.pt\/index.php\/wp-json\/wp\/v2\/yst_prominent_words?post=11667"}],"curies":[{"name":"wp","href":"https:\/\/api.w.org\/{rel}","templated":true}]}}