{"id":11853,"date":"2017-02-09T15:36:32","date_gmt":"2017-02-09T15:36:32","guid":{"rendered":"http:\/\/mlancha.pt\/?page_id=11853"},"modified":"2021-11-17T12:03:10","modified_gmt":"2021-11-17T12:03:10","slug":"contactos","status":"publish","type":"page","link":"https:\/\/mlancha.pt\/index.php\/contactos\/","title":{"rendered":"Contactos"},"content":{"rendered":"<p>[vc_row bg_check=&#8221;row-background-dark&#8221; dfd_bg_style=&#8221;image&#8221; dfd_bg_image_new=&#8221;11692&#8243; dfd_bg_image_repeat=&#8221;no-repeat&#8221;][vc_column dfd_column_responsive_enable=&#8221;dfd-column-responsive-enable&#8221; col_shadow=&#8221;box_shadow_enable:disable|shadow_horizontal:0|shadow_vertical:15|shadow_blur:50|shadow_spread:0|box_shadow_color:rgba(0%2C0%2C0%2C0.35)&#8221; col_shadow_hover=&#8221;box_shadow_enable:disable|shadow_horizontal:0|shadow_vertical:15|shadow_blur:50|shadow_spread:0|box_shadow_color:rgba(0%2C0%2C0%2C0.35)&#8221; responsive_styles=&#8221;padding_left_mobile:20|padding_right_mobile:20&#8243;][dfd_spacer screen_wide_spacer_size=&#8221;230&#8243; screen_normal_resolution=&#8221;1280&#8243; screen_tablet_resolution=&#8221;1024&#8243; screen_mobile_resolution=&#8221;800&#8243; screen_normal_spacer_size=&#8221;140&#8243; screen_tablet_spacer_size=&#8221;100&#8243; screen_mobile_spacer_size=&#8221;80&#8243;][dfd_heading subtitle=&#8221;&#8221; module_animation=&#8221;transition.expandIn&#8221; enable_delimiter=&#8221;&#8221; undefined=&#8221;&#8221; title_font_options=&#8221;tag:h1&#8243; subtitle_font_options=&#8221;tag:div&#8221; title_responsive=&#8221;font_size_desktop:75|line_height_desktop:75|font_size_tablet:60|line_height_tablet:60|font_size_mobile:50|line_height_mobile:50&#8243;]Somos especialistas em<br \/>\ntrabalhos met\u00e1licos[\/dfd_heading][dfd_heading subtitle=&#8221;&#8221; module_animation=&#8221;transition.expandIn&#8221; enable_delimiter=&#8221;&#8221; undefined=&#8221;&#8221; title_font_options=&#8221;tag:div|font_size:19|line_height:26|letter_spacing:0&#8243; title_google_fonts=&#8221;yes&#8221; title_custom_fonts=&#8221;font_family:Open%20Sans%3A300%2C300italic%2Cregular%2Citalic%2C600%2C600italic%2C700%2C700italic%2C800%2C800italic|font_style:300%20light%20regular%3A300%3Anormal&#8221; subtitle_font_options=&#8221;tag:div&#8221; title_responsive=&#8221;font_size_mobile:16|line_height_mobile:24&#8243;]Damos forma, cortamos, dobramos e soldamos metal[\/dfd_heading][dfd_spacer screen_wide_spacer_size=&#8221;30&#8243; screen_normal_resolution=&#8221;1280&#8243; screen_tablet_resolution=&#8221;1024&#8243; screen_mobile_resolution=&#8221;800&#8243; screen_mobile_spacer_size=&#8221;30&#8243;][dfd_button button_text=&#8221;Fale Connosco&#8221; module_animation=&#8221;transition.slideDownBigIn&#8221; border=&#8221;border_style:solid|border_width:2|border_radius:4|border_color:%23e22f35&#8243; hover_border=&#8221;border_style:solid|border_width:2|border_radius:4|border_color:%23e22f35&#8243; main_style=&#8221;style-2&#8243; undefined=&#8221;&#8221; padding_left=&#8221;30&#8243; padding_right=&#8221;30&#8243; background=&#8221;rgba(255,255,255,0.01)&#8221; box_shadow=&#8221;box_shadow_enable:disable|shadow_horizontal:0|shadow_vertical:15|shadow_blur:50|shadow_spread:0|box_shadow_color:rgba(0%2C0%2C0%2C0.35)&#8221; hover_box_shadow=&#8221;box_shadow_enable:disable|shadow_horizontal:0|shadow_vertical:15|shadow_blur:50|shadow_spread:0|box_shadow_color:rgba(0%2C0%2C0%2C0.35)&#8221; title_font_options=&#8221;line_height:42&#8243; hover_background=&#8221;#e22f35&#8243; buttom_link_src=&#8221;url:%23form&#8221;][dfd_spacer screen_wide_spacer_size=&#8221;250&#8243; screen_normal_resolution=&#8221;1280&#8243; screen_tablet_resolution=&#8221;1024&#8243; screen_mobile_resolution=&#8221;800&#8243; screen_normal_spacer_size=&#8221;250&#8243; screen_tablet_spacer_size=&#8221;160&#8243; screen_mobile_spacer_size=&#8221;120&#8243;][\/vc_column][\/vc_row][vc_row][vc_column width=&#8221;1\/6&#8243; el_class=&#8221;dfd_col-tablet-12&#8243; offset=&#8221;vc_col-lg-2 vc_col-md-2 vc_col-xs-12&#8243; col_shadow=&#8221;box_shadow_enable:disable|shadow_horizontal:0|shadow_vertical:15|shadow_blur:50|shadow_spread:0|box_shadow_color:rgba(0%2C0%2C0%2C0.35)&#8221; col_shadow_hover=&#8221;box_shadow_enable:disable|shadow_horizontal:0|shadow_vertical:15|shadow_blur:50|shadow_spread:0|box_shadow_color:rgba(0%2C0%2C0%2C0.35)&#8221;][\/vc_column][vc_column width=&#8221;2\/3&#8243; dfd_column_responsive_enable=&#8221;dfd-column-responsive-enable&#8221; el_class=&#8221;dfd_col-tablet-12&#8243; offset=&#8221;vc_col-lg-8 vc_col-md-8 vc_col-xs-12&#8243; col_shadow=&#8221;box_shadow_enable:disable|shadow_horizontal:0|shadow_vertical:15|shadow_blur:50|shadow_spread:0|box_shadow_color:rgba(0%2C0%2C0%2C0.35)&#8221; col_shadow_hover=&#8221;box_shadow_enable:disable|shadow_horizontal:0|shadow_vertical:15|shadow_blur:50|shadow_spread:0|box_shadow_color:rgba(0%2C0%2C0%2C0.35)&#8221; responsive_styles=&#8221;padding_left_tablet:20|padding_right_tablet:20|padding_left_mobile:20|padding_right_mobile:20&#8243;][dfd_spacer screen_wide_spacer_size=&#8221;120&#8243; screen_normal_resolution=&#8221;1280&#8243; screen_tablet_resolution=&#8221;1024&#8243; screen_mobile_resolution=&#8221;800&#8243; screen_normal_spacer_size=&#8221;100&#8243; screen_tablet_spacer_size=&#8221;80&#8243; screen_mobile_spacer_size=&#8221;70&#8243;][dfd_heading subtitle=&#8221;Trabalhamos e conhecemos o metal como ningu\u00e9m. Garantimos stock de v\u00e1rios materiais, conseguimos dar resposta a qualquer projeto que tenha em mente. Conhe\u00e7a um pouco mais sobre servi\u00e7os adicionais que lhe podemos oferecer.&#8221; module_animation=&#8221;transition.expandIn&#8221; enable_delimiter=&#8221;&#8221; undefined=&#8221;&#8221; title_font_options=&#8221;tag:h3&#8243; subtitle_font_options=&#8221;tag:div|line_height:28&#8243; heading_margin=&#8221;margin-bottom:10&#8243; title_responsive=&#8221;font_size_desktop:32|line_height_desktop:36|font_size_tablet:30|line_height_tablet:32|font_size_mobile:24|line_height_mobile:28&#8243; subtitle_responsive=&#8221;line_height_tablet:26|font_size_mobile:13|line_height_mobile:22&#8243;]Conhe\u00e7a alguns dos nossos<br \/>\nservi\u00e7os mais espec\u00edficos.[\/dfd_heading][dfd_spacer screen_wide_spacer_size=&#8221;70&#8243; screen_normal_resolution=&#8221;1280&#8243; screen_tablet_resolution=&#8221;1024&#8243; screen_mobile_resolution=&#8221;800&#8243; screen_normal_spacer_size=&#8221;40&#8243; screen_tablet_spacer_size=&#8221;30&#8243; screen_mobile_spacer_size=&#8221;20&#8243;][\/vc_column][vc_column width=&#8221;1\/6&#8243; el_class=&#8221;dfd_col-tablet-12&#8243; offset=&#8221;vc_col-lg-2 vc_col-md-2 vc_col-xs-12&#8243; col_shadow=&#8221;box_shadow_enable:disable|shadow_horizontal:0|shadow_vertical:15|shadow_blur:50|shadow_spread:0|box_shadow_color:rgba(0%2C0%2C0%2C0.35)&#8221; col_shadow_hover=&#8221;box_shadow_enable:disable|shadow_horizontal:0|shadow_vertical:15|shadow_blur:50|shadow_spread:0|box_shadow_color:rgba(0%2C0%2C0%2C0.35)&#8221;][\/vc_column][\/vc_row][vc_row dfd_row_config=&#8221;full_width_content&#8221;][vc_column cus_bg_position=&#8221;right bottom&#8221; cus_bg_repeat=&#8221;no-repeat&#8221; mobile_column_bg_image=&#8221;634&#8243; col_shadow=&#8221;box_shadow_enable:disable|shadow_horizontal:0|shadow_vertical:15|shadow_blur:50|shadow_spread:0|box_shadow_color:rgba(0%2C0%2C0%2C0.35)&#8221; col_shadow_hover=&#8221;box_shadow_enable:disable|shadow_horizontal:0|shadow_vertical:15|shadow_blur:50|shadow_spread:0|box_shadow_color:rgba(0%2C0%2C0%2C0.35)&#8221; css=&#8221;.vc_custom_1487159574110{background-image: url(http:\/\/mlancha.pt\/wp-content\/uploads\/2017\/02\/grey-bg.png?id=425) !important;background-position: center !important;background-repeat: no-repeat !important;background-size: contain !important;}&#8221;][dfd_google_map location_list=&#8221;%5B%7B%22show_tooltip%22%3A%22infowindow%22%2C%22tooltip_show_setting%22%3A%22hide%22%2C%22marker_location%22%3A%22Ponte%20de%20Vagos%22%2C%22title_marker_content%22%3A%22MLancha%22%2C%22marker_content%22%3A%22Put%20your%20content%20here%22%2C%22location_list2%22%3A%22%255B%257B%257D%255D%22%7D%5D&#8221; x_pan=&#8221;0&#8243; y_pan=&#8221;0&#8243;][\/vc_column][\/vc_row][vc_row dfd_bg_style=&#8221;image&#8221; dfd_bg_image_new=&#8221;11719&#8243; dfd_bg_image_repeat=&#8221;no-repeat&#8221; dfd_bg_image_size=&#8221;initial&#8221; dfd_bg_image_position=&#8221;bottom center&#8221;][vc_column width=&#8221;5\/12&#8243; dfd_column_responsive_enable=&#8221;dfd-column-responsive-enable&#8221; css=&#8221;.vc_custom_1487073208996{padding-left: 4% !important;}&#8221; col_shadow=&#8221;box_shadow_enable:disable|shadow_horizontal:0|shadow_vertical:15|shadow_blur:50|shadow_spread:0|box_shadow_color:rgba(0%2C0%2C0%2C0.35)&#8221; col_shadow_hover=&#8221;box_shadow_enable:disable|shadow_horizontal:0|shadow_vertical:15|shadow_blur:50|shadow_spread:0|box_shadow_color:rgba(0%2C0%2C0%2C0.35)&#8221; responsive_styles=&#8221;padding_left_desktop:20|padding_left_tablet:20|padding_left_mobile:20|padding_right_mobile:20&#8243;][dfd_spacer screen_wide_spacer_size=&#8221;170&#8243; screen_normal_resolution=&#8221;1280&#8243; screen_tablet_resolution=&#8221;1024&#8243; screen_mobile_resolution=&#8221;800&#8243; screen_tablet_spacer_size=&#8221;150&#8243; screen_mobile_spacer_size=&#8221;70&#8243;][dfd_spacer screen_wide_spacer_size=&#8221;25&#8243; screen_normal_resolution=&#8221;1024&#8243; screen_tablet_resolution=&#8221;800&#8243; screen_mobile_resolution=&#8221;480&#8243;][dfd_heading subtitle=&#8221;Elaboramos todo o tipo de trabalhos estruturais. Fazemos a estrutura e aplicamos chapas para a fachada e cobertura. Pode escolher v\u00e1rios tipos de chapas bem como acabamentos ou remates.&#8221; content_alignment=&#8221;text-left&#8221; module_animation=&#8221;transition.slideLeftBigIn&#8221; enable_delimiter=&#8221;&#8221; undefined=&#8221;&#8221; title_font_options=&#8221;tag:h2&#8243; subtitle_font_options=&#8221;tag:div|color:%23585757|line_height:28&#8243; heading_margin=&#8221;margin-bottom:10&#8243; subtitle_google_fonts=&#8221;yes&#8221; subtitle_custom_fonts=&#8221;font_family:Open%20Sans%3A300%2C300italic%2Cregular%2Citalic%2C600%2C600italic%2C700%2C700italic%2C800%2C800italic|font_style:600%20bold%20regular%3A600%3Anormal&#8221; title_responsive=&#8221;font_size_desktop:45|line_height_desktop:45|font_size_tablet:40|line_height_tablet:42|font_size_mobile:35|line_height_mobile:37&#8243;]Estruturas,<br \/>\nCoberturas e Fachadas[\/dfd_heading][dfd_spacer screen_wide_spacer_size=&#8221;30&#8243; screen_normal_resolution=&#8221;1024&#8243; screen_tablet_resolution=&#8221;800&#8243; screen_mobile_resolution=&#8221;480&#8243;][dfd_button button_text=&#8221;Pe\u00e7a or\u00e7amento&#8221; alignment=&#8221;text-left&#8221; module_animation=&#8221;transition.slideLeftBigIn&#8221; border=&#8221;border_style:solid|border_width:2|border_radius:4|border_color:%23e22f35&#8243; hover_border=&#8221;border_style:solid|border_width:2|border_radius:4|border_color:%23e22f35&#8243; main_style=&#8221;style-2&#8243; undefined=&#8221;&#8221; box_shadow=&#8221;box_shadow_enable:disable|shadow_horizontal:0|shadow_vertical:15|shadow_blur:50|shadow_spread:0|box_shadow_color:rgba(0%2C0%2C0%2C0.35)&#8221; hover_box_shadow=&#8221;box_shadow_enable:disable|shadow_horizontal:0|shadow_vertical:15|shadow_blur:50|shadow_spread:0|box_shadow_color:rgba(0%2C0%2C0%2C0.35)&#8221; padding_left=&#8221;30&#8243; padding_right=&#8221;30&#8243; background=&#8221;#ffffff&#8221; hover_background=&#8221;#e22f35&#8243; title_font_options=&#8221;line_height:44&#8243; text_color=&#8221;#000000&#8243; buttom_link_src=&#8221;url:%23form&#8221;][dfd_spacer screen_wide_spacer_size=&#8221;440&#8243; screen_normal_resolution=&#8221;1280&#8243; screen_tablet_resolution=&#8221;1024&#8243; screen_mobile_resolution=&#8221;800&#8243; screen_tablet_spacer_size=&#8221;400&#8243; screen_mobile_spacer_size=&#8221;780&#8243;][\/vc_column][vc_column width=&#8221;7\/12&#8243;][\/vc_column][\/vc_row][vc_row][vc_column css=&#8221;.vc_custom_1486817527008{margin-top: -200px !important;border-radius: 4px !important;}&#8221; col_shadow=&#8221;box_shadow_enable:enable|shadow_horizontal:0|shadow_vertical:50|shadow_blur:100|shadow_spread:0|box_shadow_color:rgba(0%2C0%2C0%2C0.15)&#8221; col_shadow_hover=&#8221;box_shadow_enable:enable|shadow_horizontal:0|shadow_vertical:50|shadow_blur:100|shadow_spread:0|box_shadow_color:rgba(0%2C0%2C0%2C0.15)&#8221;][vc_row_inner][vc_column_inner width=&#8221;1\/3&#8243; dfd_column_responsive_enable=&#8221;dfd-column-responsive-enable&#8221; css=&#8221;.vc_custom_1487073240876{padding-right: 4% !important;padding-left: 4% !important;background-color: #ffffff !important;}&#8221; col_inner_shadow=&#8221;box_shadow_enable:disable|shadow_horizontal:0|shadow_vertical:15|shadow_blur:50|shadow_spread:0|box_shadow_color:rgba(0%2C0%2C0%2C0.35)&#8221; col_inner_shadow_hover=&#8221;box_shadow_enable:disable|shadow_horizontal:0|shadow_vertical:15|shadow_blur:50|shadow_spread:0|box_shadow_color:rgba(0%2C0%2C0%2C0.35)&#8221; responsive_styles=&#8221;padding_left_tablet:20|padding_right_tablet:20|padding_left_mobile:20|padding_right_mobile:20&#8243;][dfd_spacer screen_wide_spacer_size=&#8221;35&#8243; screen_normal_resolution=&#8221;1024&#8243; screen_tablet_resolution=&#8221;800&#8243; screen_mobile_resolution=&#8221;480&#8243;][dfd_info_box content_alignment=&#8221;text-left&#8221; module_animation=&#8221;transition.slideLeftBigIn&#8221; title=&#8221;Estruturas<br \/>\nMet\u00e1licas&#8221; subtitle=&#8221;&#8221; main_content=&#8221;Criamos desde pequenas arrecada\u00e7\u00f5es a armaz\u00e9ns de grandes \u00e1reas e dimens\u00f5es.&#8221; icon_type=&#8221;custom&#8221; main_style=&#8221;style-1&#8243; main_layout=&#8221;layout-1&#8243; undefined=&#8221;&#8221; title_font_options=&#8221;tag:div|font_size:25|line_height:28|letter_spacing:-1&#8243; title_responsive=&#8221;font_size_tablet:22|line_height_tablet:26&#8243; icon_image_id=&#8221;11737&#8243; icon_size=&#8221;60&#8243;][dfd_spacer screen_wide_spacer_size=&#8221;20&#8243; screen_normal_resolution=&#8221;1024&#8243; screen_tablet_resolution=&#8221;800&#8243; screen_mobile_resolution=&#8221;480&#8243;][dfd_spacer screen_wide_spacer_size=&#8221;45&#8243; screen_normal_resolution=&#8221;1024&#8243; screen_tablet_resolution=&#8221;800&#8243; screen_mobile_resolution=&#8221;480&#8243;][\/vc_column_inner][vc_column_inner width=&#8221;1\/3&#8243; dfd_column_responsive_enable=&#8221;dfd-column-responsive-enable&#8221; css=&#8221;.vc_custom_1487073253906{padding-right: 4% !important;padding-left: 4% !important;background-color: #f0f0f0 !important;}&#8221; col_inner_shadow=&#8221;box_shadow_enable:disable|shadow_horizontal:0|shadow_vertical:15|shadow_blur:50|shadow_spread:0|box_shadow_color:rgba(0%2C0%2C0%2C0.35)&#8221; col_inner_shadow_hover=&#8221;box_shadow_enable:disable|shadow_horizontal:0|shadow_vertical:15|shadow_blur:50|shadow_spread:0|box_shadow_color:rgba(0%2C0%2C0%2C0.35)&#8221; responsive_styles=&#8221;padding_left_tablet:20|padding_right_tablet:20|padding_left_mobile:20|padding_right_mobile:20&#8243;][dfd_spacer screen_wide_spacer_size=&#8221;35&#8243; screen_normal_resolution=&#8221;1024&#8243; screen_tablet_resolution=&#8221;800&#8243; screen_mobile_resolution=&#8221;480&#8243;][dfd_info_box content_alignment=&#8221;text-left&#8221; module_animation=&#8221;transition.slideLeftBigIn&#8221; title=&#8221;Coberturas e<br \/>\nTelhados&#8221; subtitle=&#8221;&#8221; main_content=&#8221;Aplicamos v\u00e1rios tipos de chapas, das mais simples at\u00e9 chapa imita\u00e7\u00e3o de telha.&#8221; icon_type=&#8221;custom&#8221; main_style=&#8221;style-1&#8243; main_layout=&#8221;layout-1&#8243; undefined=&#8221;&#8221; title_font_options=&#8221;tag:div|font_size:25|line_height:28|letter_spacing:-1&#8243; title_responsive=&#8221;font_size_tablet:22|line_height_tablet:26&#8243; icon_image_id=&#8221;11736&#8243; icon_size=&#8221;60&#8243;][dfd_spacer screen_wide_spacer_size=&#8221;20&#8243; screen_normal_resolution=&#8221;1024&#8243; screen_tablet_resolution=&#8221;800&#8243; screen_mobile_resolution=&#8221;480&#8243;][dfd_spacer screen_wide_spacer_size=&#8221;45&#8243; screen_normal_resolution=&#8221;1024&#8243; screen_tablet_resolution=&#8221;800&#8243; screen_mobile_resolution=&#8221;480&#8243;][\/vc_column_inner][vc_column_inner width=&#8221;1\/3&#8243; dfd_column_responsive_enable=&#8221;dfd-column-responsive-enable&#8221; css=&#8221;.vc_custom_1487073266523{padding-right: 4% !important;padding-left: 4% !important;background-color: #242424 !important;}&#8221; col_inner_shadow=&#8221;box_shadow_enable:disable|shadow_horizontal:0|shadow_vertical:15|shadow_blur:50|shadow_spread:0|box_shadow_color:rgba(0%2C0%2C0%2C0.35)&#8221; col_inner_shadow_hover=&#8221;box_shadow_enable:disable|shadow_horizontal:0|shadow_vertical:15|shadow_blur:50|shadow_spread:0|box_shadow_color:rgba(0%2C0%2C0%2C0.35)&#8221; responsive_styles=&#8221;padding_left_tablet:20|padding_right_tablet:20|padding_left_mobile:20|padding_right_mobile:20&#8243;][dfd_spacer screen_wide_spacer_size=&#8221;35&#8243; screen_normal_resolution=&#8221;1024&#8243; screen_tablet_resolution=&#8221;800&#8243; screen_mobile_resolution=&#8221;480&#8243;][dfd_info_box content_alignment=&#8221;text-left&#8221; module_animation=&#8221;transition.slideLeftBigIn&#8221; title=&#8221;Fachadas e<br \/>\nRevestimentos&#8221; subtitle=&#8221;&#8221; main_content=&#8221;Se pretende renovar uma fachada, revestir ou vedar temos v\u00e1rias solu\u00e7\u00f5es para si.&#8221; icon_type=&#8221;custom&#8221; main_style=&#8221;style-1&#8243; main_layout=&#8221;layout-1&#8243; undefined=&#8221;&#8221; title_font_options=&#8221;tag:div|font_size:25|color:%23ffffff|line_height:28|letter_spacing:-1&#8243; font_options=&#8221;color:%23ffffff&#8221; title_responsive=&#8221;font_size_tablet:22|line_height_tablet:26&#8243; icon_image_id=&#8221;11738&#8243; icon_size=&#8221;60&#8243;][dfd_spacer screen_wide_spacer_size=&#8221;20&#8243; screen_normal_resolution=&#8221;1024&#8243; screen_tablet_resolution=&#8221;800&#8243; screen_mobile_resolution=&#8221;480&#8243;][dfd_spacer screen_wide_spacer_size=&#8221;45&#8243; screen_normal_resolution=&#8221;1024&#8243; screen_tablet_resolution=&#8221;800&#8243; screen_mobile_resolution=&#8221;480&#8243;][\/vc_column_inner][\/vc_row_inner][\/vc_column][\/vc_row][vc_row anchor=&#8221;form&#8221;][vc_column dfd_column_responsive_enable=&#8221;dfd-column-responsive-enable&#8221; offset=&#8221;vc_col-lg-12 vc_col-md-12 vc_col-xs-12&#8243; col_shadow=&#8221;box_shadow_enable:disable|shadow_horizontal:0|shadow_vertical:15|shadow_blur:50|shadow_spread:0|box_shadow_color:rgba(0%2C0%2C0%2C0.35)&#8221; col_shadow_hover=&#8221;box_shadow_enable:disable|shadow_horizontal:0|shadow_vertical:15|shadow_blur:50|shadow_spread:0|box_shadow_color:rgba(0%2C0%2C0%2C0.35)&#8221; responsive_styles=&#8221;padding_left_mobile:20|padding_right_mobile:20&#8243;][dfd_spacer screen_wide_spacer_size=&#8221;130&#8243; screen_normal_resolution=&#8221;1280&#8243; screen_tablet_resolution=&#8221;1024&#8243; screen_mobile_resolution=&#8221;800&#8243; screen_normal_spacer_size=&#8221;100&#8243; screen_tablet_spacer_size=&#8221;80&#8243; screen_mobile_spacer_size=&#8221;70&#8243;][dfd_heading subtitle=&#8221;Sinta-se \u00e0 vontade para nos fazer qualquer quest\u00e3o.&#8221; module_animation=&#8221;transition.expandIn&#8221; enable_delimiter=&#8221;&#8221; undefined=&#8221;&#8221; title_font_options=&#8221;tag:h3&#8243; subtitle_font_options=&#8221;tag:div|line_height:28&#8243; title_responsive=&#8221;font_size_desktop:32|line_height_desktop:36|font_size_tablet:30|line_height_tablet:32|font_size_mobile:24|line_height_mobile:28&#8243; subtitle_responsive=&#8221;line_height_tablet:26|font_size_mobile:13|line_height_mobile:22&#8243;]Entre em contacto[\/dfd_heading][dfd_spacer screen_wide_spacer_size=&#8221;10&#8243; screen_normal_resolution=&#8221;1024&#8243; screen_tablet_resolution=&#8221;800&#8243; screen_mobile_resolution=&#8221;480&#8243;][vc_row_inner][vc_column_inner width=&#8221;1\/4&#8243;][\/vc_column_inner][vc_column_inner width=&#8221;1\/2&#8243;][vc_raw_html]JTVCZmx1ZW50Zm9ybSUyMGlkJTNEJTIyMSUyMiU1RA==[\/vc_raw_html][dfd_spacer screen_wide_spacer_size=&#8221;60&#8243; screen_normal_resolution=&#8221;1024&#8243; screen_tablet_resolution=&#8221;800&#8243; screen_mobile_resolution=&#8221;480&#8243; tutorials=&#8221;&#8221;][\/vc_column_inner][vc_column_inner width=&#8221;1\/4&#8243;][\/vc_column_inner][\/vc_row_inner][dfd_spacer screen_wide_spacer_size=&#8221;120&#8243; screen_normal_resolution=&#8221;1280&#8243; screen_tablet_resolution=&#8221;1024&#8243; screen_mobile_resolution=&#8221;800&#8243; screen_normal_spacer_size=&#8221;100&#8243; screen_tablet_spacer_size=&#8221;80&#8243; screen_mobile_spacer_size=&#8221;70&#8243;][\/vc_column][\/vc_row]<\/p>\n","protected":false},"excerpt":{"rendered":"<p>[vc_row bg_check=&#8221;row-background-dark&#8221; dfd_bg_style=&#8221;image&#8221; dfd_bg_image_new=&#8221;11692&#8243; dfd_bg_image_repeat=&#8221;no-repeat&#8221;][vc_column dfd_column_responsive_enable=&#8221;dfd-column-responsive-enable&#8221; col_shadow=&#8221;box_shadow_enable:disable|shadow_horizontal:0|shadow_vertical:15|shadow_blur:50|shadow_spread:0|box_shadow_color:rgba(0%2C0%2C0%2C0.35)&#8221; col_shadow_hover=&#8221;box_shadow_enable:disable|shadow_horizontal:0|shadow_vertical:15|shadow_blur:50|shadow_spread:0|box_shadow_color:rgba(0%2C0%2C0%2C0.35)&#8221; responsive_styles=&#8221;padding_left_mobile:20|padding_right_mobile:20&#8243;][dfd_spacer screen_wide_spacer_size=&#8221;230&#8243; screen_normal_resolution=&#8221;1280&#8243; screen_tablet_resolution=&#8221;1024&#8243; screen_mobile_resolution=&#8221;800&#8243; screen_normal_spacer_size=&#8221;140&#8243; screen_tablet_spacer_size=&#8221;100&#8243; screen_mobile_spacer_size=&#8221;80&#8243;][dfd_heading subtitle=&#8221;&#8221; module_animation=&#8221;transition.expandIn&#8221; enable_delimiter=&#8221;&#8221; undefined=&#8221;&#8221; title_font_options=&#8221;tag:h1&#8243; subtitle_font_options=&#8221;tag:div&#8221; title_responsive=&#8221;font_size_desktop:75|line_height_desktop:75|font_size_tablet:60|line_height_tablet:60|font_size_mobile:50|line_height_mobile:50&#8243;]Somos especialistas em trabalhos met\u00e1licos[\/dfd_heading][dfd_heading subtitle=&#8221;&#8221; module_animation=&#8221;transition.expandIn&#8221; enable_delimiter=&#8221;&#8221;<\/p>\n","protected":false},"author":2,"featured_media":0,"parent":0,"menu_order":0,"comment_status":"closed","ping_status":"closed","template":"tmp-page.php","meta":[],"yst_prominent_words":[26],"_links":{"self":[{"href":"https:\/\/mlancha.pt\/index.php\/wp-json\/wp\/v2\/pages\/11853"}],"collection":[{"href":"https:\/\/mlancha.pt\/index.php\/wp-json\/wp\/v2\/pages"}],"about":[{"href":"https:\/\/mlancha.pt\/index.php\/wp-json\/wp\/v2\/types\/page"}],"author":[{"embeddable":true,"href":"https:\/\/mlancha.pt\/index.php\/wp-json\/wp\/v2\/users\/2"}],"replies":[{"embeddable":true,"href":"https:\/\/mlancha.pt\/index.php\/wp-json\/wp\/v2\/comments?post=11853"}],"version-history":[{"count":13,"href":"https:\/\/mlancha.pt\/index.php\/wp-json\/wp\/v2\/pages\/11853\/revisions"}],"predecessor-version":[{"id":12036,"href":"https:\/\/mlancha.pt\/index.php\/wp-json\/wp\/v2\/pages\/11853\/revisions\/12036"}],"wp:attachment":[{"href":"https:\/\/mlancha.pt\/index.php\/wp-json\/wp\/v2\/media?parent=11853"}],"wp:term":[{"taxonomy":"yst_prominent_words","embeddable":true,"href":"https:\/\/mlancha.pt\/index.php\/wp-json\/wp\/v2\/yst_prominent_words?post=11853"}],"curies":[{"name":"wp","href":"https:\/\/api.w.org\/{rel}","templated":true}]}}